{"id":266,"date":"2022-06-10T22:11:08","date_gmt":"2022-06-10T20:11:08","guid":{"rendered":"https:\/\/ecogites.fermeduvieuxchene.fr\/ecogites\/?page_id=266"},"modified":"2022-08-22T12:07:24","modified_gmt":"2022-08-22T10:07:24","slug":"eco-construction","status":"publish","type":"page","link":"https:\/\/ecogites.fermeduvieuxchene.fr\/ecogites\/index.php\/eco-construction\/","title":{"rendered":"\u00c9co construction"},"content":{"rendered":"\t\t<div data-elementor-type=\"wp-page\" data-elementor-id=\"266\" class=\"elementor elementor-266\">\n\t\t\t\t\t\t<section class=\"elementor-section elementor-top-section elementor-element elementor-element-d168578 elementor-section-boxed elementor-section-height-default elementor-section-height-default\" data-id=\"d168578\" data-element_type=\"section\" data-e-type=\"section\">\n\t\t\t\t\t\t<div class=\"elementor-container elementor-column-gap-default\">\n\t\t\t\t\t<div class=\"elementor-column elementor-col-100 elementor-top-column elementor-element elementor-element-ce9a0ce\" data-id=\"ce9a0ce\" data-element_type=\"column\" data-e-type=\"column\">\n\t\t\t<div class=\"elementor-widget-wrap elementor-element-populated\">\n\t\t\t\t\t\t<div class=\"elementor-element elementor-element-12dc6a4 elementor-widget elementor-widget-image\" data-id=\"12dc6a4\" data-element_type=\"widget\" data-e-type=\"widget\" data-widget_type=\"image.default\">\n\t\t\t\t<div class=\"elementor-widget-container\">\n\t\t\t\t\t\t\t\t\t\t\t\t\t\t\t<img fetchpriority=\"high\" decoding=\"async\" width=\"788\" height=\"287\" src=\"https:\/\/i0.wp.com\/ecogites.fermeduvieuxchene.fr\/ecogites\/wp-content\/uploads\/2022\/06\/AB02110-Panorama-Modifier.jpg?fit=788%2C287&amp;ssl=1\" class=\"attachment-large size-large wp-image-322\" alt=\"\" srcset=\"https:\/\/i0.wp.com\/ecogites.fermeduvieuxchene.fr\/ecogites\/wp-content\/uploads\/2022\/06\/AB02110-Panorama-Modifier.jpg?w=2000&amp;ssl=1 2000w, https:\/\/i0.wp.com\/ecogites.fermeduvieuxchene.fr\/ecogites\/wp-content\/uploads\/2022\/06\/AB02110-Panorama-Modifier.jpg?resize=300%2C109&amp;ssl=1 300w, https:\/\/i0.wp.com\/ecogites.fermeduvieuxchene.fr\/ecogites\/wp-content\/uploads\/2022\/06\/AB02110-Panorama-Modifier.jpg?resize=1024%2C373&amp;ssl=1 1024w, https:\/\/i0.wp.com\/ecogites.fermeduvieuxchene.fr\/ecogites\/wp-content\/uploads\/2022\/06\/AB02110-Panorama-Modifier.jpg?resize=768%2C280&amp;ssl=1 768w, https:\/\/i0.wp.com\/ecogites.fermeduvieuxchene.fr\/ecogites\/wp-content\/uploads\/2022\/06\/AB02110-Panorama-Modifier.jpg?resize=1536%2C560&amp;ssl=1 1536w, https:\/\/i0.wp.com\/ecogites.fermeduvieuxchene.fr\/ecogites\/wp-content\/uploads\/2022\/06\/AB02110-Panorama-Modifier.jpg?resize=788%2C287&amp;ssl=1 788w\" sizes=\"(max-width: 788px) 100vw, 788px\" \/>\t\t\t\t\t\t\t\t\t\t\t\t\t\t\t<\/div>\n\t\t\t\t<\/div>\n\t\t\t\t\t<\/div>\n\t\t<\/div>\n\t\t\t\t\t<\/div>\n\t\t<\/section>\n\t\t\t\t<section class=\"elementor-section elementor-top-section elementor-element elementor-element-ed2f9da elementor-section-boxed elementor-section-height-default elementor-section-height-default\" data-id=\"ed2f9da\" data-element_type=\"section\" data-e-type=\"section\">\n\t\t\t\t\t\t<div class=\"elementor-container elementor-column-gap-default\">\n\t\t\t\t\t<div class=\"elementor-column elementor-col-100 elementor-top-column elementor-element elementor-element-29c09f3\" data-id=\"29c09f3\" data-element_type=\"column\" data-e-type=\"column\">\n\t\t\t<div class=\"elementor-widget-wrap elementor-element-populated\">\n\t\t\t\t\t\t<div class=\"elementor-element elementor-element-dab477a elementor-widget elementor-widget-text-editor\" data-id=\"dab477a\" data-element_type=\"widget\" data-e-type=\"widget\" data-widget_type=\"text-editor.default\">\n\t\t\t\t<div class=\"elementor-widget-container\">\n\t\t\t\t\t\t\t\t\t<p>Une conception \u00e9cologique de la ferme avec des mat\u00e9riaux naturels, des ressources ajust\u00e9es et une \u00e9nergie renouvelable. Depuis plus de 20 ans, avec force et conviction Mathias a souhait\u00e9 mettre en corr\u00e9lation ses id\u00e9es et les actes du quotidien. Il partage cette d\u00e9marche avec ses proches, ses amis et les visiteurs.<br \/><br \/><\/p>\t\t\t\t\t\t\t\t<\/div>\n\t\t\t\t<\/div>\n\t\t\t\t\t<\/div>\n\t\t<\/div>\n\t\t\t\t\t<\/div>\n\t\t<\/section>\n\t\t\t\t<section class=\"elementor-section elementor-top-section elementor-element elementor-element-28d9109 elementor-section-boxed elementor-section-height-default elementor-section-height-default\" data-id=\"28d9109\" data-element_type=\"section\" data-e-type=\"section\">\n\t\t\t\t\t\t<div class=\"elementor-container elementor-column-gap-default\">\n\t\t\t\t\t<div class=\"elementor-column elementor-col-100 elementor-top-column elementor-element elementor-element-8bb0eaa\" data-id=\"8bb0eaa\" data-element_type=\"column\" data-e-type=\"column\">\n\t\t\t<div class=\"elementor-widget-wrap elementor-element-populated\">\n\t\t\t\t\t\t<div class=\"elementor-element elementor-element-eb389be elementor-widget elementor-widget-image\" data-id=\"eb389be\" data-element_type=\"widget\" data-e-type=\"widget\" data-widget_type=\"image.default\">\n\t\t\t\t<div class=\"elementor-widget-container\">\n\t\t\t\t\t\t\t\t\t\t\t\t\t\t\t<img decoding=\"async\" width=\"788\" height=\"347\" src=\"https:\/\/i0.wp.com\/ecogites.fermeduvieuxchene.fr\/ecogites\/wp-content\/uploads\/2022\/06\/AB02352-Panorama-Modifier.jpg?fit=788%2C347&amp;ssl=1\" class=\"attachment-large size-large wp-image-321\" alt=\"\" srcset=\"https:\/\/i0.wp.com\/ecogites.fermeduvieuxchene.fr\/ecogites\/wp-content\/uploads\/2022\/06\/AB02352-Panorama-Modifier.jpg?w=2000&amp;ssl=1 2000w, https:\/\/i0.wp.com\/ecogites.fermeduvieuxchene.fr\/ecogites\/wp-content\/uploads\/2022\/06\/AB02352-Panorama-Modifier.jpg?resize=300%2C132&amp;ssl=1 300w, https:\/\/i0.wp.com\/ecogites.fermeduvieuxchene.fr\/ecogites\/wp-content\/uploads\/2022\/06\/AB02352-Panorama-Modifier.jpg?resize=1024%2C451&amp;ssl=1 1024w, https:\/\/i0.wp.com\/ecogites.fermeduvieuxchene.fr\/ecogites\/wp-content\/uploads\/2022\/06\/AB02352-Panorama-Modifier.jpg?resize=768%2C338&amp;ssl=1 768w, https:\/\/i0.wp.com\/ecogites.fermeduvieuxchene.fr\/ecogites\/wp-content\/uploads\/2022\/06\/AB02352-Panorama-Modifier.jpg?resize=1536%2C677&amp;ssl=1 1536w, https:\/\/i0.wp.com\/ecogites.fermeduvieuxchene.fr\/ecogites\/wp-content\/uploads\/2022\/06\/AB02352-Panorama-Modifier.jpg?resize=788%2C347&amp;ssl=1 788w\" sizes=\"(max-width: 788px) 100vw, 788px\" \/>\t\t\t\t\t\t\t\t\t\t\t\t\t\t\t<\/div>\n\t\t\t\t<\/div>\n\t\t\t\t\t<\/div>\n\t\t<\/div>\n\t\t\t\t\t<\/div>\n\t\t<\/section>\n\t\t\t\t<section class=\"elementor-section elementor-top-section elementor-element elementor-element-96e7349 elementor-section-boxed elementor-section-height-default elementor-section-height-default\" data-id=\"96e7349\" data-element_type=\"section\" data-e-type=\"section\">\n\t\t\t\t\t\t<div class=\"elementor-container elementor-column-gap-default\">\n\t\t\t\t\t<div class=\"elementor-column elementor-col-100 elementor-top-column elementor-element elementor-element-2651b27\" data-id=\"2651b27\" data-element_type=\"column\" data-e-type=\"column\">\n\t\t\t<div class=\"elementor-widget-wrap elementor-element-populated\">\n\t\t\t\t\t\t<div class=\"elementor-element elementor-element-e5040b4 elementor-widget elementor-widget-image\" data-id=\"e5040b4\" data-element_type=\"widget\" data-e-type=\"widget\" data-widget_type=\"image.default\">\n\t\t\t\t<div class=\"elementor-widget-container\">\n\t\t\t\t\t\t\t\t\t\t\t\t\t\t\t<img decoding=\"async\" width=\"788\" height=\"788\" src=\"https:\/\/i0.wp.com\/ecogites.fermeduvieuxchene.fr\/ecogites\/wp-content\/uploads\/2022\/06\/bookV114-1.jpg?fit=788%2C788&amp;ssl=1\" class=\"attachment-large size-large wp-image-265\" alt=\"\" srcset=\"https:\/\/i0.wp.com\/ecogites.fermeduvieuxchene.fr\/ecogites\/wp-content\/uploads\/2022\/06\/bookV114-1.jpg?w=1772&amp;ssl=1 1772w, https:\/\/i0.wp.com\/ecogites.fermeduvieuxchene.fr\/ecogites\/wp-content\/uploads\/2022\/06\/bookV114-1.jpg?resize=300%2C300&amp;ssl=1 300w, https:\/\/i0.wp.com\/ecogites.fermeduvieuxchene.fr\/ecogites\/wp-content\/uploads\/2022\/06\/bookV114-1.jpg?resize=1024%2C1024&amp;ssl=1 1024w, https:\/\/i0.wp.com\/ecogites.fermeduvieuxchene.fr\/ecogites\/wp-content\/uploads\/2022\/06\/bookV114-1.jpg?resize=150%2C150&amp;ssl=1 150w, https:\/\/i0.wp.com\/ecogites.fermeduvieuxchene.fr\/ecogites\/wp-content\/uploads\/2022\/06\/bookV114-1.jpg?resize=768%2C768&amp;ssl=1 768w, https:\/\/i0.wp.com\/ecogites.fermeduvieuxchene.fr\/ecogites\/wp-content\/uploads\/2022\/06\/bookV114-1.jpg?resize=1536%2C1536&amp;ssl=1 1536w, https:\/\/i0.wp.com\/ecogites.fermeduvieuxchene.fr\/ecogites\/wp-content\/uploads\/2022\/06\/bookV114-1.jpg?resize=788%2C788&amp;ssl=1 788w\" sizes=\"(max-width: 788px) 100vw, 788px\" \/>\t\t\t\t\t\t\t\t\t\t\t\t\t\t\t<\/div>\n\t\t\t\t<\/div>\n\t\t\t\t\t<\/div>\n\t\t<\/div>\n\t\t\t\t\t<\/div>\n\t\t<\/section>\n\t\t\t\t<section class=\"elementor-section elementor-top-section elementor-element elementor-element-1fb0392 elementor-section-boxed elementor-section-height-default elementor-section-height-default\" data-id=\"1fb0392\" data-element_type=\"section\" data-e-type=\"section\">\n\t\t\t\t\t\t<div class=\"elementor-container elementor-column-gap-default\">\n\t\t\t\t\t<div class=\"elementor-column elementor-col-100 elementor-top-column elementor-element elementor-element-9ac054a\" data-id=\"9ac054a\" data-element_type=\"column\" data-e-type=\"column\">\n\t\t\t<div class=\"elementor-widget-wrap elementor-element-populated\">\n\t\t\t\t\t\t<div class=\"elementor-element elementor-element-ed4f724 elementor-widget elementor-widget-image\" data-id=\"ed4f724\" data-element_type=\"widget\" data-e-type=\"widget\" data-widget_type=\"image.default\">\n\t\t\t\t<div class=\"elementor-widget-container\">\n\t\t\t\t\t\t\t\t\t\t\t\t\t\t\t<img loading=\"lazy\" decoding=\"async\" width=\"788\" height=\"788\" src=\"https:\/\/i0.wp.com\/ecogites.fermeduvieuxchene.fr\/ecogites\/wp-content\/uploads\/2022\/06\/bookV116.jpg?fit=788%2C788&amp;ssl=1\" class=\"attachment-large size-large wp-image-259\" alt=\"\" srcset=\"https:\/\/i0.wp.com\/ecogites.fermeduvieuxchene.fr\/ecogites\/wp-content\/uploads\/2022\/06\/bookV116.jpg?w=1772&amp;ssl=1 1772w, https:\/\/i0.wp.com\/ecogites.fermeduvieuxchene.fr\/ecogites\/wp-content\/uploads\/2022\/06\/bookV116.jpg?resize=300%2C300&amp;ssl=1 300w, https:\/\/i0.wp.com\/ecogites.fermeduvieuxchene.fr\/ecogites\/wp-content\/uploads\/2022\/06\/bookV116.jpg?resize=1024%2C1024&amp;ssl=1 1024w, https:\/\/i0.wp.com\/ecogites.fermeduvieuxchene.fr\/ecogites\/wp-content\/uploads\/2022\/06\/bookV116.jpg?resize=150%2C150&amp;ssl=1 150w, https:\/\/i0.wp.com\/ecogites.fermeduvieuxchene.fr\/ecogites\/wp-content\/uploads\/2022\/06\/bookV116.jpg?resize=768%2C768&amp;ssl=1 768w, https:\/\/i0.wp.com\/ecogites.fermeduvieuxchene.fr\/ecogites\/wp-content\/uploads\/2022\/06\/bookV116.jpg?resize=1536%2C1536&amp;ssl=1 1536w, https:\/\/i0.wp.com\/ecogites.fermeduvieuxchene.fr\/ecogites\/wp-content\/uploads\/2022\/06\/bookV116.jpg?resize=788%2C788&amp;ssl=1 788w\" sizes=\"(max-width: 788px) 100vw, 788px\" \/>\t\t\t\t\t\t\t\t\t\t\t\t\t\t\t<\/div>\n\t\t\t\t<\/div>\n\t\t\t\t\t<\/div>\n\t\t<\/div>\n\t\t\t\t\t<\/div>\n\t\t<\/section>\n\t\t\t\t<section class=\"elementor-section elementor-top-section elementor-element elementor-element-9f856c7 elementor-section-boxed elementor-section-height-default elementor-section-height-default\" data-id=\"9f856c7\" data-element_type=\"section\" data-e-type=\"section\">\n\t\t\t\t\t\t<div class=\"elementor-container elementor-column-gap-default\">\n\t\t\t\t\t<div class=\"elementor-column elementor-col-100 elementor-top-column elementor-element elementor-element-6598632\" data-id=\"6598632\" data-element_type=\"column\" data-e-type=\"column\">\n\t\t\t<div class=\"elementor-widget-wrap elementor-element-populated\">\n\t\t\t\t\t\t<div class=\"elementor-element elementor-element-6f30ff3 elementor-widget elementor-widget-image\" data-id=\"6f30ff3\" data-element_type=\"widget\" data-e-type=\"widget\" data-widget_type=\"image.default\">\n\t\t\t\t<div class=\"elementor-widget-container\">\n\t\t\t\t\t\t\t\t\t\t\t\t\t\t\t<img loading=\"lazy\" decoding=\"async\" width=\"788\" height=\"788\" src=\"https:\/\/i0.wp.com\/ecogites.fermeduvieuxchene.fr\/ecogites\/wp-content\/uploads\/2022\/06\/bookV124.jpg?fit=788%2C788&amp;ssl=1\" class=\"attachment-large size-large wp-image-260\" alt=\"\" srcset=\"https:\/\/i0.wp.com\/ecogites.fermeduvieuxchene.fr\/ecogites\/wp-content\/uploads\/2022\/06\/bookV124.jpg?w=1772&amp;ssl=1 1772w, https:\/\/i0.wp.com\/ecogites.fermeduvieuxchene.fr\/ecogites\/wp-content\/uploads\/2022\/06\/bookV124.jpg?resize=300%2C300&amp;ssl=1 300w, https:\/\/i0.wp.com\/ecogites.fermeduvieuxchene.fr\/ecogites\/wp-content\/uploads\/2022\/06\/bookV124.jpg?resize=1024%2C1024&amp;ssl=1 1024w, https:\/\/i0.wp.com\/ecogites.fermeduvieuxchene.fr\/ecogites\/wp-content\/uploads\/2022\/06\/bookV124.jpg?resize=150%2C150&amp;ssl=1 150w, https:\/\/i0.wp.com\/ecogites.fermeduvieuxchene.fr\/ecogites\/wp-content\/uploads\/2022\/06\/bookV124.jpg?resize=768%2C768&amp;ssl=1 768w, https:\/\/i0.wp.com\/ecogites.fermeduvieuxchene.fr\/ecogites\/wp-content\/uploads\/2022\/06\/bookV124.jpg?resize=1536%2C1536&amp;ssl=1 1536w, https:\/\/i0.wp.com\/ecogites.fermeduvieuxchene.fr\/ecogites\/wp-content\/uploads\/2022\/06\/bookV124.jpg?resize=788%2C788&amp;ssl=1 788w\" sizes=\"(max-width: 788px) 100vw, 788px\" \/>\t\t\t\t\t\t\t\t\t\t\t\t\t\t\t<\/div>\n\t\t\t\t<\/div>\n\t\t\t\t\t<\/div>\n\t\t<\/div>\n\t\t\t\t\t<\/div>\n\t\t<\/section>\n\t\t\t\t<section class=\"elementor-section elementor-top-section elementor-element elementor-element-bfd2025 elementor-section-boxed elementor-section-height-default elementor-section-height-default\" data-id=\"bfd2025\" data-element_type=\"section\" data-e-type=\"section\">\n\t\t\t\t\t\t<div class=\"elementor-container elementor-column-gap-default\">\n\t\t\t\t\t<div class=\"elementor-column elementor-col-100 elementor-top-column elementor-element elementor-element-fe7fc29\" data-id=\"fe7fc29\" data-element_type=\"column\" data-e-type=\"column\">\n\t\t\t<div class=\"elementor-widget-wrap elementor-element-populated\">\n\t\t\t\t\t\t<div class=\"elementor-element elementor-element-1b9bdbb elementor-widget elementor-widget-image\" data-id=\"1b9bdbb\" data-element_type=\"widget\" data-e-type=\"widget\" data-widget_type=\"image.default\">\n\t\t\t\t<div class=\"elementor-widget-container\">\n\t\t\t\t\t\t\t\t\t\t\t\t\t\t\t<img loading=\"lazy\" decoding=\"async\" width=\"788\" height=\"788\" src=\"https:\/\/i0.wp.com\/ecogites.fermeduvieuxchene.fr\/ecogites\/wp-content\/uploads\/2022\/06\/bookV125.jpg?fit=788%2C788&amp;ssl=1\" class=\"attachment-large size-large wp-image-261\" alt=\"\" srcset=\"https:\/\/i0.wp.com\/ecogites.fermeduvieuxchene.fr\/ecogites\/wp-content\/uploads\/2022\/06\/bookV125.jpg?w=1772&amp;ssl=1 1772w, https:\/\/i0.wp.com\/ecogites.fermeduvieuxchene.fr\/ecogites\/wp-content\/uploads\/2022\/06\/bookV125.jpg?resize=300%2C300&amp;ssl=1 300w, https:\/\/i0.wp.com\/ecogites.fermeduvieuxchene.fr\/ecogites\/wp-content\/uploads\/2022\/06\/bookV125.jpg?resize=1024%2C1024&amp;ssl=1 1024w, https:\/\/i0.wp.com\/ecogites.fermeduvieuxchene.fr\/ecogites\/wp-content\/uploads\/2022\/06\/bookV125.jpg?resize=150%2C150&amp;ssl=1 150w, https:\/\/i0.wp.com\/ecogites.fermeduvieuxchene.fr\/ecogites\/wp-content\/uploads\/2022\/06\/bookV125.jpg?resize=768%2C768&amp;ssl=1 768w, https:\/\/i0.wp.com\/ecogites.fermeduvieuxchene.fr\/ecogites\/wp-content\/uploads\/2022\/06\/bookV125.jpg?resize=1536%2C1536&amp;ssl=1 1536w, https:\/\/i0.wp.com\/ecogites.fermeduvieuxchene.fr\/ecogites\/wp-content\/uploads\/2022\/06\/bookV125.jpg?resize=788%2C788&amp;ssl=1 788w\" sizes=\"(max-width: 788px) 100vw, 788px\" \/>\t\t\t\t\t\t\t\t\t\t\t\t\t\t\t<\/div>\n\t\t\t\t<\/div>\n\t\t\t\t\t<\/div>\n\t\t<\/div>\n\t\t\t\t\t<\/div>\n\t\t<\/section>\n\t\t\t\t<section class=\"elementor-section elementor-top-section elementor-element elementor-element-3adbe10 elementor-section-boxed elementor-section-height-default elementor-section-height-default\" data-id=\"3adbe10\" data-element_type=\"section\" data-e-type=\"section\">\n\t\t\t\t\t\t<div class=\"elementor-container elementor-column-gap-default\">\n\t\t\t\t\t<div class=\"elementor-column elementor-col-100 elementor-top-column elementor-element elementor-element-40f0647\" data-id=\"40f0647\" data-element_type=\"column\" data-e-type=\"column\">\n\t\t\t<div class=\"elementor-widget-wrap elementor-element-populated\">\n\t\t\t\t\t\t<div class=\"elementor-element elementor-element-85de7b0 elementor-widget elementor-widget-image\" data-id=\"85de7b0\" data-element_type=\"widget\" data-e-type=\"widget\" data-widget_type=\"image.default\">\n\t\t\t\t<div class=\"elementor-widget-container\">\n\t\t\t\t\t\t\t\t\t\t\t\t\t\t\t<img loading=\"lazy\" decoding=\"async\" width=\"788\" height=\"325\" src=\"https:\/\/i0.wp.com\/ecogites.fermeduvieuxchene.fr\/ecogites\/wp-content\/uploads\/2022\/06\/AB02121-Panorama-Modifier.jpg?fit=788%2C325&amp;ssl=1\" class=\"attachment-large size-large wp-image-323\" alt=\"\" srcset=\"https:\/\/i0.wp.com\/ecogites.fermeduvieuxchene.fr\/ecogites\/wp-content\/uploads\/2022\/06\/AB02121-Panorama-Modifier.jpg?w=2000&amp;ssl=1 2000w, https:\/\/i0.wp.com\/ecogites.fermeduvieuxchene.fr\/ecogites\/wp-content\/uploads\/2022\/06\/AB02121-Panorama-Modifier.jpg?resize=300%2C124&amp;ssl=1 300w, https:\/\/i0.wp.com\/ecogites.fermeduvieuxchene.fr\/ecogites\/wp-content\/uploads\/2022\/06\/AB02121-Panorama-Modifier.jpg?resize=1024%2C422&amp;ssl=1 1024w, https:\/\/i0.wp.com\/ecogites.fermeduvieuxchene.fr\/ecogites\/wp-content\/uploads\/2022\/06\/AB02121-Panorama-Modifier.jpg?resize=768%2C317&amp;ssl=1 768w, https:\/\/i0.wp.com\/ecogites.fermeduvieuxchene.fr\/ecogites\/wp-content\/uploads\/2022\/06\/AB02121-Panorama-Modifier.jpg?resize=1536%2C634&amp;ssl=1 1536w, https:\/\/i0.wp.com\/ecogites.fermeduvieuxchene.fr\/ecogites\/wp-content\/uploads\/2022\/06\/AB02121-Panorama-Modifier.jpg?resize=788%2C325&amp;ssl=1 788w\" sizes=\"(max-width: 788px) 100vw, 788px\" \/>\t\t\t\t\t\t\t\t\t\t\t\t\t\t\t<\/div>\n\t\t\t\t<\/div>\n\t\t\t\t\t<\/div>\n\t\t<\/div>\n\t\t\t\t\t<\/div>\n\t\t<\/section>\n\t\t\t\t<\/div>\n\t\t","protected":false},"excerpt":{"rendered":"<p>Une conception \u00e9cologique de la ferme avec des mat\u00e9riaux naturels, des ressources ajust\u00e9es et une \u00e9nergie renouvelable. Depuis plus de 20 ans, avec force et conviction Mathias a souhait\u00e9 mettre en corr\u00e9lation ses id\u00e9es et les actes du quotidien. Il partage cette d\u00e9marche avec ses proches, ses amis et les visiteurs.<\/p>\n","protected":false},"author":1,"featured_media":0,"parent":0,"menu_order":0,"comment_status":"closed","ping_status":"closed","template":"","meta":{"advanced_seo_description":"","jetpack_seo_html_title":"","jetpack_seo_noindex":false,"footnotes":""},"folder":[10],"class_list":["post-266","page","type-page","status-publish","hentry"],"jetpack_sharing_enabled":true,"_links":{"self":[{"href":"https:\/\/ecogites.fermeduvieuxchene.fr\/ecogites\/index.php\/wp-json\/wp\/v2\/pages\/266","targetHints":{"allow":["GET"]}}],"collection":[{"href":"https:\/\/ecogites.fermeduvieuxchene.fr\/ecogites\/index.php\/wp-json\/wp\/v2\/pages"}],"about":[{"href":"https:\/\/ecogites.fermeduvieuxchene.fr\/ecogites\/index.php\/wp-json\/wp\/v2\/types\/page"}],"author":[{"embeddable":true,"href":"https:\/\/ecogites.fermeduvieuxchene.fr\/ecogites\/index.php\/wp-json\/wp\/v2\/users\/1"}],"replies":[{"embeddable":true,"href":"https:\/\/ecogites.fermeduvieuxchene.fr\/ecogites\/index.php\/wp-json\/wp\/v2\/comments?post=266"}],"version-history":[{"count":14,"href":"https:\/\/ecogites.fermeduvieuxchene.fr\/ecogites\/index.php\/wp-json\/wp\/v2\/pages\/266\/revisions"}],"predecessor-version":[{"id":658,"href":"https:\/\/ecogites.fermeduvieuxchene.fr\/ecogites\/index.php\/wp-json\/wp\/v2\/pages\/266\/revisions\/658"}],"wp:attachment":[{"href":"https:\/\/ecogites.fermeduvieuxchene.fr\/ecogites\/index.php\/wp-json\/wp\/v2\/media?parent=266"}],"wp:term":[{"taxonomy":"folder","embeddable":true,"href":"https:\/\/ecogites.fermeduvieuxchene.fr\/ecogites\/index.php\/wp-json\/wp\/v2\/folder?post=266"}],"curies":[{"name":"wp","href":"https:\/\/api.w.org\/{rel}","templated":true}]}}